{"id":679,"date":"2021-08-06T15:16:02","date_gmt":"2021-08-06T15:16:02","guid":{"rendered":"http:\/\/www.vecos.com\/?page_id=679"},"modified":"2025-02-05T11:12:50","modified_gmt":"2025-02-05T11:12:50","slug":"system-integrations","status":"publish","type":"page","link":"https:\/\/www.vecos.com\/fr\/system-integrations\/","title":{"rendered":"Syst\u00e8me"},"content":{"rendered":"","protected":false},"excerpt":{"rendered":"","protected":false},"author":1,"featured_media":0,"parent":0,"menu_order":20,"comment_status":"closed","ping_status":"closed","template":"","meta":{"_acf_changed":false,"footnotes":""},"acf":[],"yoast_head":"<!-- This site is optimized with the Yoast SEO plugin v23.0 - https:\/\/yoast.com\/wordpress\/plugins\/seo\/ -->\n<title>Casiers connect\u00e9s\u00a0: solutions de stockage libre-service et s\u00e9curis\u00e9 pour les bureaux<\/title>\n<meta name=\"description\" content=\"Optimisez la gestion de vos espaces de stockage avec les casiers connect\u00e9s Vecos. Une solution innovante pour une organisation efficace et s\u00e9curis\u00e9e de vos biens.\" \/>\n<meta name=\"robots\" content=\"index, follow, max-snippet:-1, max-image-preview:large, max-video-preview:-1\" \/>\n<link rel=\"canonical\" href=\"https:\/\/www.vecos.com\/fr\/system-integrations\/\" \/>\n<meta property=\"og:locale\" content=\"fr_FR\" \/>\n<meta property=\"og:type\" content=\"article\" \/>\n<meta property=\"og:title\" content=\"Casiers connect\u00e9s\u00a0: solutions de stockage libre-service et s\u00e9curis\u00e9 pour les bureaux\" \/>\n<meta property=\"og:description\" content=\"Optimisez la gestion de vos espaces de stockage avec les casiers connect\u00e9s Vecos. Une solution innovante pour une organisation efficace et s\u00e9curis\u00e9e de vos biens.\" \/>\n<meta property=\"og:url\" content=\"https:\/\/www.vecos.com\/fr\/system-integrations\/\" \/>\n<meta property=\"og:site_name\" content=\"Vecos\" \/>\n<meta property=\"article:modified_time\" content=\"2025-02-05T11:12:50+00:00\" \/>\n<meta name=\"twitter:card\" content=\"summary_large_image\" \/>\n<script type=\"application\/ld+json\" class=\"yoast-schema-graph\">{\"@context\":\"https:\/\/schema.org\",\"@graph\":[{\"@type\":\"WebPage\",\"@id\":\"https:\/\/www.vecos.com\/fr\/system-integrations\/\",\"url\":\"https:\/\/www.vecos.com\/fr\/system-integrations\/\",\"name\":\"Casiers connect\u00e9s\u00a0: solutions de stockage libre-service et s\u00e9curis\u00e9 pour les bureaux\",\"isPartOf\":{\"@id\":\"https:\/\/www.vecos.com\/fr\/#website\"},\"datePublished\":\"2021-08-06T15:16:02+00:00\",\"dateModified\":\"2025-02-05T11:12:50+00:00\",\"description\":\"Optimisez la gestion de vos espaces de stockage avec les casiers connect\u00e9s Vecos. Une solution innovante pour une organisation efficace et s\u00e9curis\u00e9e de vos biens.\",\"breadcrumb\":{\"@id\":\"https:\/\/www.vecos.com\/fr\/system-integrations\/#breadcrumb\"},\"inLanguage\":\"fr-FR\",\"potentialAction\":[{\"@type\":\"ReadAction\",\"target\":[\"https:\/\/www.vecos.com\/fr\/system-integrations\/\"]}]},{\"@type\":\"BreadcrumbList\",\"@id\":\"https:\/\/www.vecos.com\/fr\/system-integrations\/#breadcrumb\",\"itemListElement\":[{\"@type\":\"ListItem\",\"position\":1,\"name\":\"Home\",\"item\":\"https:\/\/www.vecos.com\/fr\/\"},{\"@type\":\"ListItem\",\"position\":2,\"name\":\"Syst\u00e8me\"}]},{\"@type\":\"WebSite\",\"@id\":\"https:\/\/www.vecos.com\/fr\/#website\",\"url\":\"https:\/\/www.vecos.com\/fr\/\",\"name\":\"Vecos\",\"description\":\"\",\"potentialAction\":[{\"@type\":\"SearchAction\",\"target\":{\"@type\":\"EntryPoint\",\"urlTemplate\":\"https:\/\/www.vecos.com\/fr\/?s={search_term_string}\"},\"query-input\":\"required name=search_term_string\"}],\"inLanguage\":\"fr-FR\"}]}<\/script>\n<!-- \/ Yoast SEO plugin. -->","yoast_head_json":{"title":"Casiers connect\u00e9s\u00a0: solutions de stockage libre-service et s\u00e9curis\u00e9 pour les bureaux","description":"Optimisez la gestion de vos espaces de stockage avec les casiers connect\u00e9s Vecos. Une solution innovante pour une organisation efficace et s\u00e9curis\u00e9e de vos biens.","robots":{"index":"index","follow":"follow","max-snippet":"max-snippet:-1","max-image-preview":"max-image-preview:large","max-video-preview":"max-video-preview:-1"},"canonical":"https:\/\/www.vecos.com\/fr\/system-integrations\/","og_locale":"fr_FR","og_type":"article","og_title":"Casiers connect\u00e9s\u00a0: solutions de stockage libre-service et s\u00e9curis\u00e9 pour les bureaux","og_description":"Optimisez la gestion de vos espaces de stockage avec les casiers connect\u00e9s Vecos. Une solution innovante pour une organisation efficace et s\u00e9curis\u00e9e de vos biens.","og_url":"https:\/\/www.vecos.com\/fr\/system-integrations\/","og_site_name":"Vecos","article_modified_time":"2025-02-05T11:12:50+00:00","twitter_card":"summary_large_image","schema":{"@context":"https:\/\/schema.org","@graph":[{"@type":"WebPage","@id":"https:\/\/www.vecos.com\/fr\/system-integrations\/","url":"https:\/\/www.vecos.com\/fr\/system-integrations\/","name":"Casiers connect\u00e9s\u00a0: solutions de stockage libre-service et s\u00e9curis\u00e9 pour les bureaux","isPartOf":{"@id":"https:\/\/www.vecos.com\/fr\/#website"},"datePublished":"2021-08-06T15:16:02+00:00","dateModified":"2025-02-05T11:12:50+00:00","description":"Optimisez la gestion de vos espaces de stockage avec les casiers connect\u00e9s Vecos. Une solution innovante pour une organisation efficace et s\u00e9curis\u00e9e de vos biens.","breadcrumb":{"@id":"https:\/\/www.vecos.com\/fr\/system-integrations\/#breadcrumb"},"inLanguage":"fr-FR","potentialAction":[{"@type":"ReadAction","target":["https:\/\/www.vecos.com\/fr\/system-integrations\/"]}]},{"@type":"BreadcrumbList","@id":"https:\/\/www.vecos.com\/fr\/system-integrations\/#breadcrumb","itemListElement":[{"@type":"ListItem","position":1,"name":"Home","item":"https:\/\/www.vecos.com\/fr\/"},{"@type":"ListItem","position":2,"name":"Syst\u00e8me"}]},{"@type":"WebSite","@id":"https:\/\/www.vecos.com\/fr\/#website","url":"https:\/\/www.vecos.com\/fr\/","name":"Vecos","description":"","potentialAction":[{"@type":"SearchAction","target":{"@type":"EntryPoint","urlTemplate":"https:\/\/www.vecos.com\/fr\/?s={search_term_string}"},"query-input":"required name=search_term_string"}],"inLanguage":"fr-FR"}]}},"_links":{"self":[{"href":"https:\/\/www.vecos.com\/fr\/wp-json\/wp\/v2\/pages\/679"}],"collection":[{"href":"https:\/\/www.vecos.com\/fr\/wp-json\/wp\/v2\/pages"}],"about":[{"href":"https:\/\/www.vecos.com\/fr\/wp-json\/wp\/v2\/types\/page"}],"author":[{"embeddable":true,"href":"https:\/\/www.vecos.com\/fr\/wp-json\/wp\/v2\/users\/1"}],"replies":[{"embeddable":true,"href":"https:\/\/www.vecos.com\/fr\/wp-json\/wp\/v2\/comments?post=679"}],"version-history":[{"count":61,"href":"https:\/\/www.vecos.com\/fr\/wp-json\/wp\/v2\/pages\/679\/revisions"}],"predecessor-version":[{"id":2670,"href":"https:\/\/www.vecos.com\/fr\/wp-json\/wp\/v2\/pages\/679\/revisions\/2670"}],"wp:attachment":[{"href":"https:\/\/www.vecos.com\/fr\/wp-json\/wp\/v2\/media?parent=679"}],"curies":[{"name":"wp","href":"https:\/\/api.w.org\/{rel}","templated":true}]}}