{"id":675,"date":"2021-08-06T14:56:32","date_gmt":"2021-08-06T14:56:32","guid":{"rendered":"http:\/\/www.vecos.com\/?page_id=675"},"modified":"2023-08-09T14:36:38","modified_gmt":"2023-08-09T14:36:38","slug":"vestiaires","status":"publish","type":"page","link":"https:\/\/www.vecos.com\/fr\/vestiaires\/","title":{"rendered":"Vestiaires"},"content":{"rendered":"","protected":false},"excerpt":{"rendered":"","protected":false},"author":1,"featured_media":1457,"parent":0,"menu_order":17,"comment_status":"closed","ping_status":"closed","template":"","meta":{"_acf_changed":false,"footnotes":""},"acf":[],"yoast_head":"<!-- This site is optimized with the Yoast SEO plugin v23.0 - https:\/\/yoast.com\/wordpress\/plugins\/seo\/ -->\n<title>Le syst\u00e8me de casier intelligent pour les vestiaires.<\/title>\n<meta name=\"description\" content=\"Les environnements de travail tr\u00e8s flexibles tels que les entrep\u00f4ts, les centres logistiques et les centres de recherche doivent accueillir des collaborateurs travaillant en \u00e9quipes selon un syst\u00e8me de roulement, ce qui rend le stockage intelligent indispensable.\" \/>\n<meta name=\"robots\" content=\"index, follow, max-snippet:-1, max-image-preview:large, max-video-preview:-1\" \/>\n<link rel=\"canonical\" href=\"https:\/\/www.vecos.com\/fr\/vestiaires\/\" \/>\n<meta property=\"og:locale\" content=\"fr_FR\" \/>\n<meta property=\"og:type\" content=\"article\" \/>\n<meta property=\"og:title\" content=\"Le syst\u00e8me de casier intelligent pour les vestiaires.\" \/>\n<meta property=\"og:description\" content=\"Les environnements de travail tr\u00e8s flexibles tels que les entrep\u00f4ts, les centres logistiques et les centres de recherche doivent accueillir des collaborateurs travaillant en \u00e9quipes selon un syst\u00e8me de roulement, ce qui rend le stockage intelligent indispensable.\" \/>\n<meta property=\"og:url\" content=\"https:\/\/www.vecos.com\/fr\/vestiaires\/\" \/>\n<meta property=\"og:site_name\" content=\"Vecos\" \/>\n<meta property=\"article:modified_time\" content=\"2023-08-09T14:36:38+00:00\" \/>\n<meta property=\"og:image\" content=\"https:\/\/www.vecos.com\/fr\/wp-content\/uploads\/sites\/4\/2021\/08\/Rectangle-3_2-2-scaled.jpg\" \/>\n\t<meta property=\"og:image:width\" content=\"2560\" \/>\n\t<meta property=\"og:image:height\" content=\"1707\" \/>\n\t<meta property=\"og:image:type\" content=\"image\/jpeg\" \/>\n<meta name=\"twitter:card\" content=\"summary_large_image\" \/>\n<script type=\"application\/ld+json\" class=\"yoast-schema-graph\">{\"@context\":\"https:\/\/schema.org\",\"@graph\":[{\"@type\":\"WebPage\",\"@id\":\"https:\/\/www.vecos.com\/fr\/vestiaires\/\",\"url\":\"https:\/\/www.vecos.com\/fr\/vestiaires\/\",\"name\":\"Le syst\u00e8me de casier intelligent pour les vestiaires.\",\"isPartOf\":{\"@id\":\"https:\/\/www.vecos.com\/fr\/#website\"},\"primaryImageOfPage\":{\"@id\":\"https:\/\/www.vecos.com\/fr\/vestiaires\/#primaryimage\"},\"image\":{\"@id\":\"https:\/\/www.vecos.com\/fr\/vestiaires\/#primaryimage\"},\"thumbnailUrl\":\"https:\/\/www.vecos.com\/fr\/wp-content\/uploads\/sites\/4\/2021\/08\/Rectangle-3_2-2-scaled.jpg\",\"datePublished\":\"2021-08-06T14:56:32+00:00\",\"dateModified\":\"2023-08-09T14:36:38+00:00\",\"description\":\"Les environnements de travail tr\u00e8s flexibles tels que les entrep\u00f4ts, les centres logistiques et les centres de recherche doivent accueillir des collaborateurs travaillant en \u00e9quipes selon un syst\u00e8me de roulement, ce qui rend le stockage intelligent indispensable.\",\"breadcrumb\":{\"@id\":\"https:\/\/www.vecos.com\/fr\/vestiaires\/#breadcrumb\"},\"inLanguage\":\"fr-FR\",\"potentialAction\":[{\"@type\":\"ReadAction\",\"target\":[\"https:\/\/www.vecos.com\/fr\/vestiaires\/\"]}]},{\"@type\":\"ImageObject\",\"inLanguage\":\"fr-FR\",\"@id\":\"https:\/\/www.vecos.com\/fr\/vestiaires\/#primaryimage\",\"url\":\"https:\/\/www.vecos.com\/fr\/wp-content\/uploads\/sites\/4\/2021\/08\/Rectangle-3_2-2-scaled.jpg\",\"contentUrl\":\"https:\/\/www.vecos.com\/fr\/wp-content\/uploads\/sites\/4\/2021\/08\/Rectangle-3_2-2-scaled.jpg\",\"width\":2560,\"height\":1707},{\"@type\":\"BreadcrumbList\",\"@id\":\"https:\/\/www.vecos.com\/fr\/vestiaires\/#breadcrumb\",\"itemListElement\":[{\"@type\":\"ListItem\",\"position\":1,\"name\":\"Home\",\"item\":\"https:\/\/www.vecos.com\/fr\/\"},{\"@type\":\"ListItem\",\"position\":2,\"name\":\"Vestiaires\"}]},{\"@type\":\"WebSite\",\"@id\":\"https:\/\/www.vecos.com\/fr\/#website\",\"url\":\"https:\/\/www.vecos.com\/fr\/\",\"name\":\"Vecos\",\"description\":\"\",\"potentialAction\":[{\"@type\":\"SearchAction\",\"target\":{\"@type\":\"EntryPoint\",\"urlTemplate\":\"https:\/\/www.vecos.com\/fr\/?s={search_term_string}\"},\"query-input\":\"required name=search_term_string\"}],\"inLanguage\":\"fr-FR\"}]}<\/script>\n<!-- \/ Yoast SEO plugin. -->","yoast_head_json":{"title":"Le syst\u00e8me de casier intelligent pour les vestiaires.","description":"Les environnements de travail tr\u00e8s flexibles tels que les entrep\u00f4ts, les centres logistiques et les centres de recherche doivent accueillir des collaborateurs travaillant en \u00e9quipes selon un syst\u00e8me de roulement, ce qui rend le stockage intelligent indispensable.","robots":{"index":"index","follow":"follow","max-snippet":"max-snippet:-1","max-image-preview":"max-image-preview:large","max-video-preview":"max-video-preview:-1"},"canonical":"https:\/\/www.vecos.com\/fr\/vestiaires\/","og_locale":"fr_FR","og_type":"article","og_title":"Le syst\u00e8me de casier intelligent pour les vestiaires.","og_description":"Les environnements de travail tr\u00e8s flexibles tels que les entrep\u00f4ts, les centres logistiques et les centres de recherche doivent accueillir des collaborateurs travaillant en \u00e9quipes selon un syst\u00e8me de roulement, ce qui rend le stockage intelligent indispensable.","og_url":"https:\/\/www.vecos.com\/fr\/vestiaires\/","og_site_name":"Vecos","article_modified_time":"2023-08-09T14:36:38+00:00","og_image":[{"width":2560,"height":1707,"url":"https:\/\/www.vecos.com\/fr\/wp-content\/uploads\/sites\/4\/2021\/08\/Rectangle-3_2-2-scaled.jpg","type":"image\/jpeg"}],"twitter_card":"summary_large_image","schema":{"@context":"https:\/\/schema.org","@graph":[{"@type":"WebPage","@id":"https:\/\/www.vecos.com\/fr\/vestiaires\/","url":"https:\/\/www.vecos.com\/fr\/vestiaires\/","name":"Le syst\u00e8me de casier intelligent pour les vestiaires.","isPartOf":{"@id":"https:\/\/www.vecos.com\/fr\/#website"},"primaryImageOfPage":{"@id":"https:\/\/www.vecos.com\/fr\/vestiaires\/#primaryimage"},"image":{"@id":"https:\/\/www.vecos.com\/fr\/vestiaires\/#primaryimage"},"thumbnailUrl":"https:\/\/www.vecos.com\/fr\/wp-content\/uploads\/sites\/4\/2021\/08\/Rectangle-3_2-2-scaled.jpg","datePublished":"2021-08-06T14:56:32+00:00","dateModified":"2023-08-09T14:36:38+00:00","description":"Les environnements de travail tr\u00e8s flexibles tels que les entrep\u00f4ts, les centres logistiques et les centres de recherche doivent accueillir des collaborateurs travaillant en \u00e9quipes selon un syst\u00e8me de roulement, ce qui rend le stockage intelligent indispensable.","breadcrumb":{"@id":"https:\/\/www.vecos.com\/fr\/vestiaires\/#breadcrumb"},"inLanguage":"fr-FR","potentialAction":[{"@type":"ReadAction","target":["https:\/\/www.vecos.com\/fr\/vestiaires\/"]}]},{"@type":"ImageObject","inLanguage":"fr-FR","@id":"https:\/\/www.vecos.com\/fr\/vestiaires\/#primaryimage","url":"https:\/\/www.vecos.com\/fr\/wp-content\/uploads\/sites\/4\/2021\/08\/Rectangle-3_2-2-scaled.jpg","contentUrl":"https:\/\/www.vecos.com\/fr\/wp-content\/uploads\/sites\/4\/2021\/08\/Rectangle-3_2-2-scaled.jpg","width":2560,"height":1707},{"@type":"BreadcrumbList","@id":"https:\/\/www.vecos.com\/fr\/vestiaires\/#breadcrumb","itemListElement":[{"@type":"ListItem","position":1,"name":"Home","item":"https:\/\/www.vecos.com\/fr\/"},{"@type":"ListItem","position":2,"name":"Vestiaires"}]},{"@type":"WebSite","@id":"https:\/\/www.vecos.com\/fr\/#website","url":"https:\/\/www.vecos.com\/fr\/","name":"Vecos","description":"","potentialAction":[{"@type":"SearchAction","target":{"@type":"EntryPoint","urlTemplate":"https:\/\/www.vecos.com\/fr\/?s={search_term_string}"},"query-input":"required name=search_term_string"}],"inLanguage":"fr-FR"}]}},"_links":{"self":[{"href":"https:\/\/www.vecos.com\/fr\/wp-json\/wp\/v2\/pages\/675"}],"collection":[{"href":"https:\/\/www.vecos.com\/fr\/wp-json\/wp\/v2\/pages"}],"about":[{"href":"https:\/\/www.vecos.com\/fr\/wp-json\/wp\/v2\/types\/page"}],"author":[{"embeddable":true,"href":"https:\/\/www.vecos.com\/fr\/wp-json\/wp\/v2\/users\/1"}],"replies":[{"embeddable":true,"href":"https:\/\/www.vecos.com\/fr\/wp-json\/wp\/v2\/comments?post=675"}],"version-history":[{"count":26,"href":"https:\/\/www.vecos.com\/fr\/wp-json\/wp\/v2\/pages\/675\/revisions"}],"predecessor-version":[{"id":1848,"href":"https:\/\/www.vecos.com\/fr\/wp-json\/wp\/v2\/pages\/675\/revisions\/1848"}],"wp:featuredmedia":[{"embeddable":true,"href":"https:\/\/www.vecos.com\/fr\/wp-json\/wp\/v2\/media\/1457"}],"wp:attachment":[{"href":"https:\/\/www.vecos.com\/fr\/wp-json\/wp\/v2\/media?parent=675"}],"curies":[{"name":"wp","href":"https:\/\/api.w.org\/{rel}","templated":true}]}}