{"id":2614,"date":"2024-11-05T14:22:39","date_gmt":"2024-11-05T14:22:39","guid":{"rendered":"https:\/\/www.vecos.com\/fr\/?page_id=2614"},"modified":"2024-11-20T13:09:07","modified_gmt":"2024-11-20T13:09:07","slug":"retrofit","status":"publish","type":"page","link":"https:\/\/www.vecos.com\/fr\/retrofit\/","title":{"rendered":"Transformez vos casiers en une solution intelligente"},"content":{"rendered":"","protected":false},"excerpt":{"rendered":"","protected":false},"author":3,"featured_media":0,"parent":0,"menu_order":0,"comment_status":"closed","ping_status":"closed","template":"","meta":{"_acf_changed":false,"footnotes":""},"acf":[],"yoast_head":"<!-- This site is optimized with the Yoast SEO plugin v23.0 - https:\/\/yoast.com\/wordpress\/plugins\/seo\/ -->\n<title>Modernisez vos casiers avec Vecos \u2013 Efficace et \u00c9conomique<\/title>\n<meta name=\"description\" content=\"Transformez vos casiers existants en solutions connect\u00e9es et intelligentes avec le kit de recyclage Vecos. Installation rapide, \u00e9conomies jusqu&#039;\u00e0 50 % et impact minimal sur vos bureaux. Simplifiez d\u00e8s aujourd&#039;hui la gestion de vos casiers.\" \/>\n<meta name=\"robots\" content=\"index, follow, max-snippet:-1, max-image-preview:large, max-video-preview:-1\" \/>\n<link rel=\"canonical\" href=\"https:\/\/www.vecos.com\/fr\/retrofit\/\" \/>\n<meta property=\"og:locale\" content=\"fr_FR\" \/>\n<meta property=\"og:type\" content=\"article\" \/>\n<meta property=\"og:title\" content=\"Modernisez vos casiers avec Vecos \u2013 Efficace et \u00c9conomique\" \/>\n<meta property=\"og:description\" content=\"Transformez vos casiers existants en solutions connect\u00e9es et intelligentes avec le kit de recyclage Vecos. Installation rapide, \u00e9conomies jusqu&#039;\u00e0 50 % et impact minimal sur vos bureaux. Simplifiez d\u00e8s aujourd&#039;hui la gestion de vos casiers.\" \/>\n<meta property=\"og:url\" content=\"https:\/\/www.vecos.com\/fr\/retrofit\/\" \/>\n<meta property=\"og:site_name\" content=\"Vecos\" \/>\n<meta property=\"article:modified_time\" content=\"2024-11-20T13:09:07+00:00\" \/>\n<meta name=\"twitter:card\" content=\"summary_large_image\" \/>\n<script type=\"application\/ld+json\" class=\"yoast-schema-graph\">{\"@context\":\"https:\/\/schema.org\",\"@graph\":[{\"@type\":\"WebPage\",\"@id\":\"https:\/\/www.vecos.com\/fr\/retrofit\/\",\"url\":\"https:\/\/www.vecos.com\/fr\/retrofit\/\",\"name\":\"Modernisez vos casiers avec Vecos \u2013 Efficace et \u00c9conomique\",\"isPartOf\":{\"@id\":\"https:\/\/www.vecos.com\/fr\/#website\"},\"datePublished\":\"2024-11-05T14:22:39+00:00\",\"dateModified\":\"2024-11-20T13:09:07+00:00\",\"description\":\"Transformez vos casiers existants en solutions connect\u00e9es et intelligentes avec le kit de recyclage Vecos. Installation rapide, \u00e9conomies jusqu'\u00e0 50 % et impact minimal sur vos bureaux. Simplifiez d\u00e8s aujourd'hui la gestion de vos casiers.\",\"breadcrumb\":{\"@id\":\"https:\/\/www.vecos.com\/fr\/retrofit\/#breadcrumb\"},\"inLanguage\":\"fr-FR\",\"potentialAction\":[{\"@type\":\"ReadAction\",\"target\":[\"https:\/\/www.vecos.com\/fr\/retrofit\/\"]}]},{\"@type\":\"BreadcrumbList\",\"@id\":\"https:\/\/www.vecos.com\/fr\/retrofit\/#breadcrumb\",\"itemListElement\":[{\"@type\":\"ListItem\",\"position\":1,\"name\":\"Home\",\"item\":\"https:\/\/www.vecos.com\/fr\/\"},{\"@type\":\"ListItem\",\"position\":2,\"name\":\"Transformez vos casiers en une solution intelligente\"}]},{\"@type\":\"WebSite\",\"@id\":\"https:\/\/www.vecos.com\/fr\/#website\",\"url\":\"https:\/\/www.vecos.com\/fr\/\",\"name\":\"Vecos\",\"description\":\"\",\"potentialAction\":[{\"@type\":\"SearchAction\",\"target\":{\"@type\":\"EntryPoint\",\"urlTemplate\":\"https:\/\/www.vecos.com\/fr\/?s={search_term_string}\"},\"query-input\":\"required name=search_term_string\"}],\"inLanguage\":\"fr-FR\"}]}<\/script>\n<!-- \/ Yoast SEO plugin. -->","yoast_head_json":{"title":"Modernisez vos casiers avec Vecos \u2013 Efficace et \u00c9conomique","description":"Transformez vos casiers existants en solutions connect\u00e9es et intelligentes avec le kit de recyclage Vecos. Installation rapide, \u00e9conomies jusqu'\u00e0 50 % et impact minimal sur vos bureaux. Simplifiez d\u00e8s aujourd'hui la gestion de vos casiers.","robots":{"index":"index","follow":"follow","max-snippet":"max-snippet:-1","max-image-preview":"max-image-preview:large","max-video-preview":"max-video-preview:-1"},"canonical":"https:\/\/www.vecos.com\/fr\/retrofit\/","og_locale":"fr_FR","og_type":"article","og_title":"Modernisez vos casiers avec Vecos \u2013 Efficace et \u00c9conomique","og_description":"Transformez vos casiers existants en solutions connect\u00e9es et intelligentes avec le kit de recyclage Vecos. Installation rapide, \u00e9conomies jusqu'\u00e0 50 % et impact minimal sur vos bureaux. Simplifiez d\u00e8s aujourd'hui la gestion de vos casiers.","og_url":"https:\/\/www.vecos.com\/fr\/retrofit\/","og_site_name":"Vecos","article_modified_time":"2024-11-20T13:09:07+00:00","twitter_card":"summary_large_image","schema":{"@context":"https:\/\/schema.org","@graph":[{"@type":"WebPage","@id":"https:\/\/www.vecos.com\/fr\/retrofit\/","url":"https:\/\/www.vecos.com\/fr\/retrofit\/","name":"Modernisez vos casiers avec Vecos \u2013 Efficace et \u00c9conomique","isPartOf":{"@id":"https:\/\/www.vecos.com\/fr\/#website"},"datePublished":"2024-11-05T14:22:39+00:00","dateModified":"2024-11-20T13:09:07+00:00","description":"Transformez vos casiers existants en solutions connect\u00e9es et intelligentes avec le kit de recyclage Vecos. Installation rapide, \u00e9conomies jusqu'\u00e0 50 % et impact minimal sur vos bureaux. Simplifiez d\u00e8s aujourd'hui la gestion de vos casiers.","breadcrumb":{"@id":"https:\/\/www.vecos.com\/fr\/retrofit\/#breadcrumb"},"inLanguage":"fr-FR","potentialAction":[{"@type":"ReadAction","target":["https:\/\/www.vecos.com\/fr\/retrofit\/"]}]},{"@type":"BreadcrumbList","@id":"https:\/\/www.vecos.com\/fr\/retrofit\/#breadcrumb","itemListElement":[{"@type":"ListItem","position":1,"name":"Home","item":"https:\/\/www.vecos.com\/fr\/"},{"@type":"ListItem","position":2,"name":"Transformez vos casiers en une solution intelligente"}]},{"@type":"WebSite","@id":"https:\/\/www.vecos.com\/fr\/#website","url":"https:\/\/www.vecos.com\/fr\/","name":"Vecos","description":"","potentialAction":[{"@type":"SearchAction","target":{"@type":"EntryPoint","urlTemplate":"https:\/\/www.vecos.com\/fr\/?s={search_term_string}"},"query-input":"required name=search_term_string"}],"inLanguage":"fr-FR"}]}},"_links":{"self":[{"href":"https:\/\/www.vecos.com\/fr\/wp-json\/wp\/v2\/pages\/2614"}],"collection":[{"href":"https:\/\/www.vecos.com\/fr\/wp-json\/wp\/v2\/pages"}],"about":[{"href":"https:\/\/www.vecos.com\/fr\/wp-json\/wp\/v2\/types\/page"}],"author":[{"embeddable":true,"href":"https:\/\/www.vecos.com\/fr\/wp-json\/wp\/v2\/users\/3"}],"replies":[{"embeddable":true,"href":"https:\/\/www.vecos.com\/fr\/wp-json\/wp\/v2\/comments?post=2614"}],"version-history":[{"count":13,"href":"https:\/\/www.vecos.com\/fr\/wp-json\/wp\/v2\/pages\/2614\/revisions"}],"predecessor-version":[{"id":2659,"href":"https:\/\/www.vecos.com\/fr\/wp-json\/wp\/v2\/pages\/2614\/revisions\/2659"}],"wp:attachment":[{"href":"https:\/\/www.vecos.com\/fr\/wp-json\/wp\/v2\/media?parent=2614"}],"curies":[{"name":"wp","href":"https:\/\/api.w.org\/{rel}","templated":true}]}}