{"id":1976,"date":"2023-07-17T12:08:31","date_gmt":"2023-07-17T12:08:31","guid":{"rendered":"https:\/\/www.vecos.com\/fr\/?page_id=1976"},"modified":"2025-09-01T12:04:42","modified_gmt":"2025-09-01T12:04:42","slug":"casiers-de-bureau","status":"publish","type":"page","link":"https:\/\/www.vecos.com\/fr\/casiers-de-bureau\/","title":{"rendered":"Google Ads &#8211; Product &#8211; Office Lockers &#8211; France"},"content":{"rendered":"","protected":false},"excerpt":{"rendered":"","protected":false},"author":3,"featured_media":0,"parent":0,"menu_order":7,"comment_status":"closed","ping_status":"closed","template":"","meta":{"_acf_changed":false,"footnotes":""},"acf":[],"yoast_head":"<!-- This site is optimized with the Yoast SEO plugin v23.0 - https:\/\/yoast.com\/wordpress\/plugins\/seo\/ -->\n<title>Des casiers intelligents connect\u00e9s pour votre lieu de travail<\/title>\n<meta name=\"description\" content=\"Casiers intelligents pour les bureaux - Gestion automatis\u00e9e des casiers, exp\u00e9rience utilisateur transparente et riche, productivit\u00e9 FM maximis\u00e9e et gain de temps.\" \/>\n<meta name=\"robots\" content=\"noindex, follow\" \/>\n<meta property=\"og:locale\" content=\"fr_FR\" \/>\n<meta property=\"og:type\" content=\"article\" \/>\n<meta property=\"og:title\" content=\"Des casiers intelligents connect\u00e9s pour votre lieu de travail\" \/>\n<meta property=\"og:description\" content=\"Casiers intelligents pour les bureaux - Gestion automatis\u00e9e des casiers, exp\u00e9rience utilisateur transparente et riche, productivit\u00e9 FM maximis\u00e9e et gain de temps.\" \/>\n<meta property=\"og:url\" content=\"https:\/\/www.vecos.com\/fr\/casiers-de-bureau\/\" \/>\n<meta property=\"og:site_name\" content=\"Vecos\" \/>\n<meta property=\"article:modified_time\" content=\"2025-09-01T12:04:42+00:00\" \/>\n<meta name=\"twitter:card\" content=\"summary_large_image\" \/>\n<script type=\"application\/ld+json\" class=\"yoast-schema-graph\">{\"@context\":\"https:\/\/schema.org\",\"@graph\":[{\"@type\":\"WebPage\",\"@id\":\"https:\/\/www.vecos.com\/fr\/casiers-de-bureau\/\",\"url\":\"https:\/\/www.vecos.com\/fr\/casiers-de-bureau\/\",\"name\":\"Des casiers intelligents connect\u00e9s pour votre lieu de travail\",\"isPartOf\":{\"@id\":\"https:\/\/www.vecos.com\/fr\/#website\"},\"datePublished\":\"2023-07-17T12:08:31+00:00\",\"dateModified\":\"2025-09-01T12:04:42+00:00\",\"description\":\"Casiers intelligents pour les bureaux - Gestion automatis\u00e9e des casiers, exp\u00e9rience utilisateur transparente et riche, productivit\u00e9 FM maximis\u00e9e et gain de temps.\",\"breadcrumb\":{\"@id\":\"https:\/\/www.vecos.com\/fr\/casiers-de-bureau\/#breadcrumb\"},\"inLanguage\":\"fr-FR\",\"potentialAction\":[{\"@type\":\"ReadAction\",\"target\":[\"https:\/\/www.vecos.com\/fr\/casiers-de-bureau\/\"]}]},{\"@type\":\"BreadcrumbList\",\"@id\":\"https:\/\/www.vecos.com\/fr\/casiers-de-bureau\/#breadcrumb\",\"itemListElement\":[{\"@type\":\"ListItem\",\"position\":1,\"name\":\"Home\",\"item\":\"https:\/\/www.vecos.com\/fr\/\"},{\"@type\":\"ListItem\",\"position\":2,\"name\":\"Google Ads &#8211; Product &#8211; Office Lockers &#8211; France\"}]},{\"@type\":\"WebSite\",\"@id\":\"https:\/\/www.vecos.com\/fr\/#website\",\"url\":\"https:\/\/www.vecos.com\/fr\/\",\"name\":\"Vecos\",\"description\":\"\",\"potentialAction\":[{\"@type\":\"SearchAction\",\"target\":{\"@type\":\"EntryPoint\",\"urlTemplate\":\"https:\/\/www.vecos.com\/fr\/?s={search_term_string}\"},\"query-input\":\"required name=search_term_string\"}],\"inLanguage\":\"fr-FR\"}]}<\/script>\n<!-- \/ Yoast SEO plugin. -->","yoast_head_json":{"title":"Des casiers intelligents connect\u00e9s pour votre lieu de travail","description":"Casiers intelligents pour les bureaux - Gestion automatis\u00e9e des casiers, exp\u00e9rience utilisateur transparente et riche, productivit\u00e9 FM maximis\u00e9e et gain de temps.","robots":{"index":"noindex","follow":"follow"},"og_locale":"fr_FR","og_type":"article","og_title":"Des casiers intelligents connect\u00e9s pour votre lieu de travail","og_description":"Casiers intelligents pour les bureaux - Gestion automatis\u00e9e des casiers, exp\u00e9rience utilisateur transparente et riche, productivit\u00e9 FM maximis\u00e9e et gain de temps.","og_url":"https:\/\/www.vecos.com\/fr\/casiers-de-bureau\/","og_site_name":"Vecos","article_modified_time":"2025-09-01T12:04:42+00:00","twitter_card":"summary_large_image","schema":{"@context":"https:\/\/schema.org","@graph":[{"@type":"WebPage","@id":"https:\/\/www.vecos.com\/fr\/casiers-de-bureau\/","url":"https:\/\/www.vecos.com\/fr\/casiers-de-bureau\/","name":"Des casiers intelligents connect\u00e9s pour votre lieu de travail","isPartOf":{"@id":"https:\/\/www.vecos.com\/fr\/#website"},"datePublished":"2023-07-17T12:08:31+00:00","dateModified":"2025-09-01T12:04:42+00:00","description":"Casiers intelligents pour les bureaux - Gestion automatis\u00e9e des casiers, exp\u00e9rience utilisateur transparente et riche, productivit\u00e9 FM maximis\u00e9e et gain de temps.","breadcrumb":{"@id":"https:\/\/www.vecos.com\/fr\/casiers-de-bureau\/#breadcrumb"},"inLanguage":"fr-FR","potentialAction":[{"@type":"ReadAction","target":["https:\/\/www.vecos.com\/fr\/casiers-de-bureau\/"]}]},{"@type":"BreadcrumbList","@id":"https:\/\/www.vecos.com\/fr\/casiers-de-bureau\/#breadcrumb","itemListElement":[{"@type":"ListItem","position":1,"name":"Home","item":"https:\/\/www.vecos.com\/fr\/"},{"@type":"ListItem","position":2,"name":"Google Ads &#8211; Product &#8211; Office Lockers &#8211; France"}]},{"@type":"WebSite","@id":"https:\/\/www.vecos.com\/fr\/#website","url":"https:\/\/www.vecos.com\/fr\/","name":"Vecos","description":"","potentialAction":[{"@type":"SearchAction","target":{"@type":"EntryPoint","urlTemplate":"https:\/\/www.vecos.com\/fr\/?s={search_term_string}"},"query-input":"required name=search_term_string"}],"inLanguage":"fr-FR"}]}},"_links":{"self":[{"href":"https:\/\/www.vecos.com\/fr\/wp-json\/wp\/v2\/pages\/1976"}],"collection":[{"href":"https:\/\/www.vecos.com\/fr\/wp-json\/wp\/v2\/pages"}],"about":[{"href":"https:\/\/www.vecos.com\/fr\/wp-json\/wp\/v2\/types\/page"}],"author":[{"embeddable":true,"href":"https:\/\/www.vecos.com\/fr\/wp-json\/wp\/v2\/users\/3"}],"replies":[{"embeddable":true,"href":"https:\/\/www.vecos.com\/fr\/wp-json\/wp\/v2\/comments?post=1976"}],"version-history":[{"count":8,"href":"https:\/\/www.vecos.com\/fr\/wp-json\/wp\/v2\/pages\/1976\/revisions"}],"predecessor-version":[{"id":2686,"href":"https:\/\/www.vecos.com\/fr\/wp-json\/wp\/v2\/pages\/1976\/revisions\/2686"}],"wp:attachment":[{"href":"https:\/\/www.vecos.com\/fr\/wp-json\/wp\/v2\/media?parent=1976"}],"curies":[{"name":"wp","href":"https:\/\/api.w.org\/{rel}","templated":true}]}}