{"id":2755,"date":"2025-10-09T09:45:00","date_gmt":"2025-10-09T09:45:00","guid":{"rendered":"https:\/\/www.vecos.com\/de\/?page_id=2755"},"modified":"2025-10-09T09:46:39","modified_gmt":"2025-10-09T09:46:39","slug":"bueroschliessfaecher","status":"publish","type":"page","link":"https:\/\/www.vecos.com\/de\/bueroschliessfaecher\/","title":{"rendered":"Elektronische Schlie\u00dff\u00e4cher f\u00fcr B\u00fcros"},"content":{"rendered":"","protected":false},"excerpt":{"rendered":"","protected":false},"author":3,"featured_media":2561,"parent":0,"menu_order":6,"comment_status":"closed","ping_status":"closed","template":"","meta":{"_acf_changed":false,"footnotes":""},"acf":[],"yoast_head":"<!-- This site is optimized with the Yoast SEO plugin v23.0 - https:\/\/yoast.com\/wordpress\/plugins\/seo\/ -->\n<title>Elektronisches Schlie\u00dffachsystem f\u00fcr Ihr B\u00fcro<\/title>\n<meta name=\"description\" content=\"Automatisierte Schlie\u00dffachverwaltung, nahtlose und umfassende Benutzererfahrung, maximale FM-Produktivit\u00e4t und Zeitersparnis.\" \/>\n<meta name=\"robots\" content=\"noindex, nofollow\" \/>\n<meta property=\"og:locale\" content=\"de_DE\" \/>\n<meta property=\"og:type\" content=\"article\" \/>\n<meta property=\"og:title\" content=\"Elektronisches Schlie\u00dffachsystem f\u00fcr Ihr B\u00fcro\" \/>\n<meta property=\"og:description\" content=\"Automatisierte Schlie\u00dffachverwaltung, nahtlose und umfassende Benutzererfahrung, maximale FM-Produktivit\u00e4t und Zeitersparnis.\" \/>\n<meta property=\"og:url\" content=\"https:\/\/www.vecos.com\/de\/bueroschliessfaecher\/\" \/>\n<meta property=\"og:site_name\" content=\"Vecos\" \/>\n<meta property=\"article:modified_time\" content=\"2025-10-09T09:46:39+00:00\" \/>\n<meta property=\"og:image\" content=\"https:\/\/www.vecos.com\/de\/wp-content\/uploads\/sites\/5\/2024\/05\/CAPGEMINI-PHOTOS-PETITJEAN-CB-0422CB-HD.jpg\" \/>\n\t<meta property=\"og:image:width\" content=\"4711\" \/>\n\t<meta property=\"og:image:height\" content=\"3123\" \/>\n\t<meta property=\"og:image:type\" content=\"image\/jpeg\" \/>\n<meta name=\"twitter:card\" content=\"summary_large_image\" \/>\n<script type=\"application\/ld+json\" class=\"yoast-schema-graph\">{\"@context\":\"https:\/\/schema.org\",\"@graph\":[{\"@type\":\"WebPage\",\"@id\":\"https:\/\/www.vecos.com\/de\/bueroschliessfaecher\/\",\"url\":\"https:\/\/www.vecos.com\/de\/bueroschliessfaecher\/\",\"name\":\"Elektronisches Schlie\u00dffachsystem f\u00fcr Ihr B\u00fcro\",\"isPartOf\":{\"@id\":\"https:\/\/www.vecos.com\/de\/#website\"},\"primaryImageOfPage\":{\"@id\":\"https:\/\/www.vecos.com\/de\/bueroschliessfaecher\/#primaryimage\"},\"image\":{\"@id\":\"https:\/\/www.vecos.com\/de\/bueroschliessfaecher\/#primaryimage\"},\"thumbnailUrl\":\"https:\/\/www.vecos.com\/de\/wp-content\/uploads\/sites\/5\/2024\/05\/CAPGEMINI-PHOTOS-PETITJEAN-CB-0422CB-HD.jpg\",\"datePublished\":\"2025-10-09T09:45:00+00:00\",\"dateModified\":\"2025-10-09T09:46:39+00:00\",\"description\":\"Automatisierte Schlie\u00dffachverwaltung, nahtlose und umfassende Benutzererfahrung, maximale FM-Produktivit\u00e4t und Zeitersparnis.\",\"breadcrumb\":{\"@id\":\"https:\/\/www.vecos.com\/de\/bueroschliessfaecher\/#breadcrumb\"},\"inLanguage\":\"de-DE\",\"potentialAction\":[{\"@type\":\"ReadAction\",\"target\":[\"https:\/\/www.vecos.com\/de\/bueroschliessfaecher\/\"]}]},{\"@type\":\"ImageObject\",\"inLanguage\":\"de-DE\",\"@id\":\"https:\/\/www.vecos.com\/de\/bueroschliessfaecher\/#primaryimage\",\"url\":\"https:\/\/www.vecos.com\/de\/wp-content\/uploads\/sites\/5\/2024\/05\/CAPGEMINI-PHOTOS-PETITJEAN-CB-0422CB-HD.jpg\",\"contentUrl\":\"https:\/\/www.vecos.com\/de\/wp-content\/uploads\/sites\/5\/2024\/05\/CAPGEMINI-PHOTOS-PETITJEAN-CB-0422CB-HD.jpg\",\"width\":4711,\"height\":3123},{\"@type\":\"BreadcrumbList\",\"@id\":\"https:\/\/www.vecos.com\/de\/bueroschliessfaecher\/#breadcrumb\",\"itemListElement\":[{\"@type\":\"ListItem\",\"position\":1,\"name\":\"Home\",\"item\":\"https:\/\/www.vecos.com\/de\/\"},{\"@type\":\"ListItem\",\"position\":2,\"name\":\"Elektronische Schlie\u00dff\u00e4cher f\u00fcr B\u00fcros\"}]},{\"@type\":\"WebSite\",\"@id\":\"https:\/\/www.vecos.com\/de\/#website\",\"url\":\"https:\/\/www.vecos.com\/de\/\",\"name\":\"Vecos\",\"description\":\"\",\"potentialAction\":[{\"@type\":\"SearchAction\",\"target\":{\"@type\":\"EntryPoint\",\"urlTemplate\":\"https:\/\/www.vecos.com\/de\/?s={search_term_string}\"},\"query-input\":\"required name=search_term_string\"}],\"inLanguage\":\"de-DE\"}]}<\/script>\n<!-- \/ Yoast SEO plugin. -->","yoast_head_json":{"title":"Elektronisches Schlie\u00dffachsystem f\u00fcr Ihr B\u00fcro","description":"Automatisierte Schlie\u00dffachverwaltung, nahtlose und umfassende Benutzererfahrung, maximale FM-Produktivit\u00e4t und Zeitersparnis.","robots":{"index":"noindex","follow":"nofollow"},"og_locale":"de_DE","og_type":"article","og_title":"Elektronisches Schlie\u00dffachsystem f\u00fcr Ihr B\u00fcro","og_description":"Automatisierte Schlie\u00dffachverwaltung, nahtlose und umfassende Benutzererfahrung, maximale FM-Produktivit\u00e4t und Zeitersparnis.","og_url":"https:\/\/www.vecos.com\/de\/bueroschliessfaecher\/","og_site_name":"Vecos","article_modified_time":"2025-10-09T09:46:39+00:00","og_image":[{"width":4711,"height":3123,"url":"https:\/\/www.vecos.com\/de\/wp-content\/uploads\/sites\/5\/2024\/05\/CAPGEMINI-PHOTOS-PETITJEAN-CB-0422CB-HD.jpg","type":"image\/jpeg"}],"twitter_card":"summary_large_image","schema":{"@context":"https:\/\/schema.org","@graph":[{"@type":"WebPage","@id":"https:\/\/www.vecos.com\/de\/bueroschliessfaecher\/","url":"https:\/\/www.vecos.com\/de\/bueroschliessfaecher\/","name":"Elektronisches Schlie\u00dffachsystem f\u00fcr Ihr B\u00fcro","isPartOf":{"@id":"https:\/\/www.vecos.com\/de\/#website"},"primaryImageOfPage":{"@id":"https:\/\/www.vecos.com\/de\/bueroschliessfaecher\/#primaryimage"},"image":{"@id":"https:\/\/www.vecos.com\/de\/bueroschliessfaecher\/#primaryimage"},"thumbnailUrl":"https:\/\/www.vecos.com\/de\/wp-content\/uploads\/sites\/5\/2024\/05\/CAPGEMINI-PHOTOS-PETITJEAN-CB-0422CB-HD.jpg","datePublished":"2025-10-09T09:45:00+00:00","dateModified":"2025-10-09T09:46:39+00:00","description":"Automatisierte Schlie\u00dffachverwaltung, nahtlose und umfassende Benutzererfahrung, maximale FM-Produktivit\u00e4t und Zeitersparnis.","breadcrumb":{"@id":"https:\/\/www.vecos.com\/de\/bueroschliessfaecher\/#breadcrumb"},"inLanguage":"de-DE","potentialAction":[{"@type":"ReadAction","target":["https:\/\/www.vecos.com\/de\/bueroschliessfaecher\/"]}]},{"@type":"ImageObject","inLanguage":"de-DE","@id":"https:\/\/www.vecos.com\/de\/bueroschliessfaecher\/#primaryimage","url":"https:\/\/www.vecos.com\/de\/wp-content\/uploads\/sites\/5\/2024\/05\/CAPGEMINI-PHOTOS-PETITJEAN-CB-0422CB-HD.jpg","contentUrl":"https:\/\/www.vecos.com\/de\/wp-content\/uploads\/sites\/5\/2024\/05\/CAPGEMINI-PHOTOS-PETITJEAN-CB-0422CB-HD.jpg","width":4711,"height":3123},{"@type":"BreadcrumbList","@id":"https:\/\/www.vecos.com\/de\/bueroschliessfaecher\/#breadcrumb","itemListElement":[{"@type":"ListItem","position":1,"name":"Home","item":"https:\/\/www.vecos.com\/de\/"},{"@type":"ListItem","position":2,"name":"Elektronische Schlie\u00dff\u00e4cher f\u00fcr B\u00fcros"}]},{"@type":"WebSite","@id":"https:\/\/www.vecos.com\/de\/#website","url":"https:\/\/www.vecos.com\/de\/","name":"Vecos","description":"","potentialAction":[{"@type":"SearchAction","target":{"@type":"EntryPoint","urlTemplate":"https:\/\/www.vecos.com\/de\/?s={search_term_string}"},"query-input":"required name=search_term_string"}],"inLanguage":"de-DE"}]}},"_links":{"self":[{"href":"https:\/\/www.vecos.com\/de\/wp-json\/wp\/v2\/pages\/2755"}],"collection":[{"href":"https:\/\/www.vecos.com\/de\/wp-json\/wp\/v2\/pages"}],"about":[{"href":"https:\/\/www.vecos.com\/de\/wp-json\/wp\/v2\/types\/page"}],"author":[{"embeddable":true,"href":"https:\/\/www.vecos.com\/de\/wp-json\/wp\/v2\/users\/3"}],"replies":[{"embeddable":true,"href":"https:\/\/www.vecos.com\/de\/wp-json\/wp\/v2\/comments?post=2755"}],"version-history":[{"count":2,"href":"https:\/\/www.vecos.com\/de\/wp-json\/wp\/v2\/pages\/2755\/revisions"}],"predecessor-version":[{"id":2757,"href":"https:\/\/www.vecos.com\/de\/wp-json\/wp\/v2\/pages\/2755\/revisions\/2757"}],"wp:featuredmedia":[{"embeddable":true,"href":"https:\/\/www.vecos.com\/de\/wp-json\/wp\/v2\/media\/2561"}],"wp:attachment":[{"href":"https:\/\/www.vecos.com\/de\/wp-json\/wp\/v2\/media?parent=2755"}],"curies":[{"name":"wp","href":"https:\/\/api.w.org\/{rel}","templated":true}]}}