{"id":2678,"date":"2024-11-05T14:18:39","date_gmt":"2024-11-05T14:18:39","guid":{"rendered":"https:\/\/www.vecos.com\/de\/?page_id=2678"},"modified":"2024-11-26T13:17:51","modified_gmt":"2024-11-26T13:17:51","slug":"retrofit","status":"publish","type":"page","link":"https:\/\/www.vecos.com\/de\/retrofit\/","title":{"rendered":"Upcycling von Schlie\u00dff\u00e4chern zu einer intelligenten L\u00f6sung"},"content":{"rendered":"","protected":false},"excerpt":{"rendered":"","protected":false},"author":3,"featured_media":0,"parent":0,"menu_order":2,"comment_status":"closed","ping_status":"closed","template":"","meta":{"_acf_changed":false,"footnotes":""},"acf":[],"yoast_head":"<!-- This site is optimized with the Yoast SEO plugin v23.0 - https:\/\/yoast.com\/wordpress\/plugins\/seo\/ -->\n<title>Smarte Schlie\u00dffach-Retrofit-L\u00f6sungen<\/title>\n<meta name=\"description\" content=\"R\u00fcsten Sie Ihre bestehenden Schlie\u00dff\u00e4cher mit der nahtlosen Retrofit-L\u00f6sung von Vecos zu benutzerfreundlichen, effizienten und nachhaltigen smarten Schlie\u00dff\u00e4chern auf. Optimieren Sie Ihren Arbeitsplatz mit umweltfreundlicher und kosteneffizienter Integration.\" \/>\n<meta name=\"robots\" content=\"index, follow, max-snippet:-1, max-image-preview:large, max-video-preview:-1\" \/>\n<link rel=\"canonical\" href=\"https:\/\/www.vecos.com\/de\/retrofit\/\" \/>\n<meta property=\"og:locale\" content=\"de_DE\" \/>\n<meta property=\"og:type\" content=\"article\" \/>\n<meta property=\"og:title\" content=\"Smarte Schlie\u00dffach-Retrofit-L\u00f6sungen\" \/>\n<meta property=\"og:description\" content=\"R\u00fcsten Sie Ihre bestehenden Schlie\u00dff\u00e4cher mit der nahtlosen Retrofit-L\u00f6sung von Vecos zu benutzerfreundlichen, effizienten und nachhaltigen smarten Schlie\u00dff\u00e4chern auf. Optimieren Sie Ihren Arbeitsplatz mit umweltfreundlicher und kosteneffizienter Integration.\" \/>\n<meta property=\"og:url\" content=\"https:\/\/www.vecos.com\/de\/retrofit\/\" \/>\n<meta property=\"og:site_name\" content=\"Vecos\" \/>\n<meta property=\"article:modified_time\" content=\"2024-11-26T13:17:51+00:00\" \/>\n<meta name=\"twitter:card\" content=\"summary_large_image\" \/>\n<script type=\"application\/ld+json\" class=\"yoast-schema-graph\">{\"@context\":\"https:\/\/schema.org\",\"@graph\":[{\"@type\":\"WebPage\",\"@id\":\"https:\/\/www.vecos.com\/de\/retrofit\/\",\"url\":\"https:\/\/www.vecos.com\/de\/retrofit\/\",\"name\":\"Smarte Schlie\u00dffach-Retrofit-L\u00f6sungen\",\"isPartOf\":{\"@id\":\"https:\/\/www.vecos.com\/de\/#website\"},\"datePublished\":\"2024-11-05T14:18:39+00:00\",\"dateModified\":\"2024-11-26T13:17:51+00:00\",\"description\":\"R\u00fcsten Sie Ihre bestehenden Schlie\u00dff\u00e4cher mit der nahtlosen Retrofit-L\u00f6sung von Vecos zu benutzerfreundlichen, effizienten und nachhaltigen smarten Schlie\u00dff\u00e4chern auf. Optimieren Sie Ihren Arbeitsplatz mit umweltfreundlicher und kosteneffizienter Integration.\",\"breadcrumb\":{\"@id\":\"https:\/\/www.vecos.com\/de\/retrofit\/#breadcrumb\"},\"inLanguage\":\"de-DE\",\"potentialAction\":[{\"@type\":\"ReadAction\",\"target\":[\"https:\/\/www.vecos.com\/de\/retrofit\/\"]}]},{\"@type\":\"BreadcrumbList\",\"@id\":\"https:\/\/www.vecos.com\/de\/retrofit\/#breadcrumb\",\"itemListElement\":[{\"@type\":\"ListItem\",\"position\":1,\"name\":\"Home\",\"item\":\"https:\/\/www.vecos.com\/de\/\"},{\"@type\":\"ListItem\",\"position\":2,\"name\":\"Upcycling von Schlie\u00dff\u00e4chern zu einer intelligenten L\u00f6sung\"}]},{\"@type\":\"WebSite\",\"@id\":\"https:\/\/www.vecos.com\/de\/#website\",\"url\":\"https:\/\/www.vecos.com\/de\/\",\"name\":\"Vecos\",\"description\":\"\",\"potentialAction\":[{\"@type\":\"SearchAction\",\"target\":{\"@type\":\"EntryPoint\",\"urlTemplate\":\"https:\/\/www.vecos.com\/de\/?s={search_term_string}\"},\"query-input\":\"required name=search_term_string\"}],\"inLanguage\":\"de-DE\"}]}<\/script>\n<!-- \/ Yoast SEO plugin. -->","yoast_head_json":{"title":"Smarte Schlie\u00dffach-Retrofit-L\u00f6sungen","description":"R\u00fcsten Sie Ihre bestehenden Schlie\u00dff\u00e4cher mit der nahtlosen Retrofit-L\u00f6sung von Vecos zu benutzerfreundlichen, effizienten und nachhaltigen smarten Schlie\u00dff\u00e4chern auf. Optimieren Sie Ihren Arbeitsplatz mit umweltfreundlicher und kosteneffizienter Integration.","robots":{"index":"index","follow":"follow","max-snippet":"max-snippet:-1","max-image-preview":"max-image-preview:large","max-video-preview":"max-video-preview:-1"},"canonical":"https:\/\/www.vecos.com\/de\/retrofit\/","og_locale":"de_DE","og_type":"article","og_title":"Smarte Schlie\u00dffach-Retrofit-L\u00f6sungen","og_description":"R\u00fcsten Sie Ihre bestehenden Schlie\u00dff\u00e4cher mit der nahtlosen Retrofit-L\u00f6sung von Vecos zu benutzerfreundlichen, effizienten und nachhaltigen smarten Schlie\u00dff\u00e4chern auf. Optimieren Sie Ihren Arbeitsplatz mit umweltfreundlicher und kosteneffizienter Integration.","og_url":"https:\/\/www.vecos.com\/de\/retrofit\/","og_site_name":"Vecos","article_modified_time":"2024-11-26T13:17:51+00:00","twitter_card":"summary_large_image","schema":{"@context":"https:\/\/schema.org","@graph":[{"@type":"WebPage","@id":"https:\/\/www.vecos.com\/de\/retrofit\/","url":"https:\/\/www.vecos.com\/de\/retrofit\/","name":"Smarte Schlie\u00dffach-Retrofit-L\u00f6sungen","isPartOf":{"@id":"https:\/\/www.vecos.com\/de\/#website"},"datePublished":"2024-11-05T14:18:39+00:00","dateModified":"2024-11-26T13:17:51+00:00","description":"R\u00fcsten Sie Ihre bestehenden Schlie\u00dff\u00e4cher mit der nahtlosen Retrofit-L\u00f6sung von Vecos zu benutzerfreundlichen, effizienten und nachhaltigen smarten Schlie\u00dff\u00e4chern auf. Optimieren Sie Ihren Arbeitsplatz mit umweltfreundlicher und kosteneffizienter Integration.","breadcrumb":{"@id":"https:\/\/www.vecos.com\/de\/retrofit\/#breadcrumb"},"inLanguage":"de-DE","potentialAction":[{"@type":"ReadAction","target":["https:\/\/www.vecos.com\/de\/retrofit\/"]}]},{"@type":"BreadcrumbList","@id":"https:\/\/www.vecos.com\/de\/retrofit\/#breadcrumb","itemListElement":[{"@type":"ListItem","position":1,"name":"Home","item":"https:\/\/www.vecos.com\/de\/"},{"@type":"ListItem","position":2,"name":"Upcycling von Schlie\u00dff\u00e4chern zu einer intelligenten L\u00f6sung"}]},{"@type":"WebSite","@id":"https:\/\/www.vecos.com\/de\/#website","url":"https:\/\/www.vecos.com\/de\/","name":"Vecos","description":"","potentialAction":[{"@type":"SearchAction","target":{"@type":"EntryPoint","urlTemplate":"https:\/\/www.vecos.com\/de\/?s={search_term_string}"},"query-input":"required name=search_term_string"}],"inLanguage":"de-DE"}]}},"_links":{"self":[{"href":"https:\/\/www.vecos.com\/de\/wp-json\/wp\/v2\/pages\/2678"}],"collection":[{"href":"https:\/\/www.vecos.com\/de\/wp-json\/wp\/v2\/pages"}],"about":[{"href":"https:\/\/www.vecos.com\/de\/wp-json\/wp\/v2\/types\/page"}],"author":[{"embeddable":true,"href":"https:\/\/www.vecos.com\/de\/wp-json\/wp\/v2\/users\/3"}],"replies":[{"embeddable":true,"href":"https:\/\/www.vecos.com\/de\/wp-json\/wp\/v2\/comments?post=2678"}],"version-history":[{"count":5,"href":"https:\/\/www.vecos.com\/de\/wp-json\/wp\/v2\/pages\/2678\/revisions"}],"predecessor-version":[{"id":2719,"href":"https:\/\/www.vecos.com\/de\/wp-json\/wp\/v2\/pages\/2678\/revisions\/2719"}],"wp:attachment":[{"href":"https:\/\/www.vecos.com\/de\/wp-json\/wp\/v2\/media?parent=2678"}],"curies":[{"name":"wp","href":"https:\/\/api.w.org\/{rel}","templated":true}]}}